{"id":22,"date":"2026-01-08T15:02:18","date_gmt":"2026-01-08T14:02:18","guid":{"rendered":"https:\/\/projects.cloud.digitalsignage.de\/magicinfo\/?page_id=22"},"modified":"2026-01-31T23:31:19","modified_gmt":"2026-01-31T22:31:19","slug":"impressum","status":"publish","type":"page","link":"https:\/\/projects.cloud.digitalsignage.de\/magicinfo\/impressum\/","title":{"rendered":"Impressum"},"content":{"rendered":"\t\t<div data-elementor-type=\"wp-page\" data-elementor-id=\"22\" class=\"elementor elementor-22\" data-elementor-post-type=\"page\">\n\t\t\t\t\t\t<section class=\"elementor-section elementor-top-section elementor-element elementor-element-10177eeb elementor-section-content-middle ds-channel-content elementor-section-boxed elementor-section-height-default elementor-section-height-default\" data-id=\"10177eeb\" data-element_type=\"section\" data-e-type=\"section\" id=\"DS-Channel\">\n\t\t\t\t\t\t<div class=\"elementor-container elementor-column-gap-default\">\n\t\t\t\t\t<div class=\"elementor-column elementor-col-100 elementor-top-column elementor-element elementor-element-5b8df8ca\" data-id=\"5b8df8ca\" data-element_type=\"column\" data-e-type=\"column\">\n\t\t\t<div class=\"elementor-widget-wrap elementor-element-populated\">\n\t\t\t\t\t\t<div class=\"elementor-element elementor-element-67220deb elementor-widget elementor-widget-heading\" data-id=\"67220deb\" data-element_type=\"widget\" data-e-type=\"widget\" data-widget_type=\"heading.default\">\n\t\t\t\t\t<h3 class=\"elementor-heading-title elementor-size-default\">MagicINFO im Einsatz?<\/h3>\t\t\t\t<\/div>\n\t\t\t\t<div class=\"elementor-element elementor-element-5c2ba4a4 elementor-icon-list--layout-traditional elementor-list-item-link-full_width elementor-widget elementor-widget-icon-list\" data-id=\"5c2ba4a4\" data-element_type=\"widget\" data-e-type=\"widget\" data-widget_type=\"icon-list.default\">\n\t\t\t\t\t\t\t<ul class=\"elementor-icon-list-items\">\n\t\t\t\t\t\t\t<li class=\"elementor-icon-list-item\">\n\t\t\t\t\t\t\t\t\t\t\t<span class=\"elementor-icon-list-icon\">\n\t\t\t\t\t\t\t<svg aria-hidden=\"true\" class=\"e-font-icon-svg e-fas-asterisk\" viewBox=\"0 0 512 512\" xmlns=\"http:\/\/www.w3.org\/2000\/svg\"><path d=\"M478.21 334.093L336 256l142.21-78.093c11.795-6.477 15.961-21.384 9.232-33.037l-19.48-33.741c-6.728-11.653-21.72-15.499-33.227-8.523L296 186.718l3.475-162.204C299.763 11.061 288.937 0 275.48 0h-38.96c-13.456 0-24.283 11.061-23.994 24.514L216 186.718 77.265 102.607c-11.506-6.976-26.499-3.13-33.227 8.523l-19.48 33.741c-6.728 11.653-2.562 26.56 9.233 33.037L176 256 33.79 334.093c-11.795 6.477-15.961 21.384-9.232 33.037l19.48 33.741c6.728 11.653 21.721 15.499 33.227 8.523L216 325.282l-3.475 162.204C212.237 500.939 223.064 512 236.52 512h38.961c13.456 0 24.283-11.061 23.995-24.514L296 325.282l138.735 84.111c11.506 6.976 26.499 3.13 33.227-8.523l19.48-33.741c6.728-11.653 2.563-26.559-9.232-33.036z\"><\/path><\/svg>\t\t\t\t\t\t<\/span>\n\t\t\t\t\t\t\t\t\t\t<span class=\"elementor-icon-list-text\">DS Channel ist Ihre Cloud Alternative<\/span>\n\t\t\t\t\t\t\t\t\t<\/li>\n\t\t\t\t\t\t<\/ul>\n\t\t\t\t\t\t<\/div>\n\t\t\t\t<div class=\"elementor-element elementor-element-42b3640f elementor-widget elementor-widget-text-editor\" data-id=\"42b3640f\" data-element_type=\"widget\" data-e-type=\"widget\" data-widget_type=\"text-editor.default\">\n\t\t\t\t\t\t\t\t\t<p>Viele Digital Signage Netzwerke wurden urspr\u00fcnglich mit Samsung MagicINFO aufgebaut und laufen auf professionellen Samsung Displays mit Tizen. Wenn die bisherige Plattform nicht mehr weitergef\u00fchrt werden soll, braucht es eine L\u00f6sung, die vorhandene Hardware weiter nutzt und Inhalte genauso zuverl\u00e4ssig steuert.<\/p><p>DS Channel ist das Cloud CMS von digitalSIGNAGE.de, das genau f\u00fcr solche Szenarien entwickelt wurde: Als Alternative zu bestehenden MagicINFO Setups erm\u00f6glicht es, Ihre Digital Signage Infrastruktur mit Samsung Displays geordnet in eine moderne Cloud Umgebung zu \u00fcberf\u00fchren \u2013 mit zentralem Management, klaren Strukturen und einem deutschsprachigen Ansprechpartner.<\/p>\t\t\t\t\t\t\t\t<\/div>\n\t\t\t\t\t<\/div>\n\t\t<\/div>\n\t\t\t\t\t<\/div>\n\t\t<\/section>\n\t\t\t\t<section class=\"elementor-section elementor-top-section elementor-element elementor-element-72f0c30e elementor-section-content-middle elementor-reverse-tablet elementor-reverse-mobile elementor-section-boxed elementor-section-height-default elementor-section-height-default\" data-id=\"72f0c30e\" data-element_type=\"section\" data-e-type=\"section\" id=\"DS-Channel-Alternative\" data-settings=\"{&quot;background_background&quot;:&quot;classic&quot;}\">\n\t\t\t\t\t\t<div class=\"elementor-container elementor-column-gap-default\">\n\t\t\t\t\t<div class=\"elementor-column elementor-col-50 elementor-top-column elementor-element elementor-element-1161e4c6\" data-id=\"1161e4c6\" data-element_type=\"column\" data-e-type=\"column\">\n\t\t\t<div class=\"elementor-widget-wrap elementor-element-populated\">\n\t\t\t\t\t\t<section class=\"elementor-section elementor-inner-section elementor-element elementor-element-5775bd24 elementor-section-height-min-height elementor-section-boxed elementor-section-height-default\" data-id=\"5775bd24\" data-element_type=\"section\" data-e-type=\"section\" data-settings=\"{&quot;background_background&quot;:&quot;classic&quot;}\">\n\t\t\t\t\t\t\t<div class=\"elementor-background-overlay\"><\/div>\n\t\t\t\t\t\t\t<div class=\"elementor-container elementor-column-gap-default\">\n\t\t\t\t\t<div class=\"elementor-column elementor-col-100 elementor-inner-column elementor-element elementor-element-4cf39e0c\" data-id=\"4cf39e0c\" data-element_type=\"column\" data-e-type=\"column\">\n\t\t\t<div class=\"elementor-widget-wrap elementor-element-populated\">\n\t\t\t\t\t\t<div class=\"elementor-element elementor-element-6bbc9516 elementor-widget elementor-widget-heading\" data-id=\"6bbc9516\" data-element_type=\"widget\" data-e-type=\"widget\" data-widget_type=\"heading.default\">\n\t\t\t\t\t<h2 class=\"elementor-heading-title elementor-size-default\">Impressum<\/h2>\t\t\t\t<\/div>\n\t\t\t\t<div class=\"elementor-element elementor-element-37ad920f ds-button-nav elementor-align-right elementor-absolute dc-has-condition dc-condition-in_array elementor-widget elementor-widget-button\" data-id=\"37ad920f\" data-element_type=\"widget\" data-e-type=\"widget\" data-settings=\"{&quot;_position&quot;:&quot;absolute&quot;}\" data-widget_type=\"button.default\">\n\t\t\t\t\t\t\t\t\t\t<a class=\"elementor-button elementor-button-link elementor-size-sm elementor-animation-shrink\" href=\"https:\/\/projects.cloud.digitalsignage.de\/magicinfo\/\">\n\t\t\t\t\t\t<span class=\"elementor-button-content-wrapper\">\n\t\t\t\t\t\t<span class=\"elementor-button-icon\">\n\t\t\t\t<svg aria-hidden=\"true\" class=\"e-font-icon-svg e-fas-angle-right\" viewBox=\"0 0 256 512\" xmlns=\"http:\/\/www.w3.org\/2000\/svg\"><path d=\"M224.3 273l-136 136c-9.4 9.4-24.6 9.4-33.9 0l-22.6-22.6c-9.4-9.4-9.4-24.6 0-33.9l96.4-96.4-96.4-96.4c-9.4-9.4-9.4-24.6 0-33.9L54.3 103c9.4-9.4 24.6-9.4 33.9 0l136 136c9.5 9.4 9.5 24.6.1 34z\"><\/path><\/svg>\t\t\t<\/span>\n\t\t\t\t\t\t\t\t\t<span class=\"elementor-button-text\">zur Startseite<\/span>\n\t\t\t\t\t<\/span>\n\t\t\t\t\t<\/a>\n\t\t\t\t\t\t\t\t<\/div>\n\t\t\t\t\t<\/div>\n\t\t<\/div>\n\t\t\t\t\t<\/div>\n\t\t<\/section>\n\t\t\t\t\t<\/div>\n\t\t<\/div>\n\t\t\t\t<div class=\"elementor-column elementor-col-50 elementor-top-column elementor-element elementor-element-47606c5f\" data-id=\"47606c5f\" data-element_type=\"column\" data-e-type=\"column\">\n\t\t\t<div class=\"elementor-widget-wrap elementor-element-populated\">\n\t\t\t\t\t\t<section class=\"elementor-section elementor-inner-section elementor-element elementor-element-7883b67c elementor-section-height-min-height elementor-section-boxed elementor-section-height-default\" data-id=\"7883b67c\" data-element_type=\"section\" data-e-type=\"section\">\n\t\t\t\t\t\t<div class=\"elementor-container elementor-column-gap-default\">\n\t\t\t\t\t<div class=\"elementor-column elementor-col-50 elementor-inner-column elementor-element elementor-element-4afa7cc3\" data-id=\"4afa7cc3\" data-element_type=\"column\" data-e-type=\"column\" data-settings=\"{&quot;background_background&quot;:&quot;classic&quot;}\">\n\t\t\t<div class=\"elementor-widget-wrap elementor-element-populated\">\n\t\t\t\t\t\t<div class=\"elementor-element elementor-element-30c99aa1 elementor-widget elementor-widget-heading\" data-id=\"30c99aa1\" data-element_type=\"widget\" data-e-type=\"widget\" data-widget_type=\"heading.default\">\n\t\t\t\t\t<h3 class=\"elementor-heading-title elementor-size-default\">DS Channel \u2013 Cloud\u2011Alternative f\u00fcr bestehende MagicINFO Netzwerke<\/h3>\t\t\t\t<\/div>\n\t\t\t\t<div class=\"elementor-element elementor-element-2f717e45 ds-button-nav elementor-align-right elementor-absolute elementor-widget elementor-widget-button\" data-id=\"2f717e45\" data-element_type=\"widget\" data-e-type=\"widget\" data-settings=\"{&quot;_position&quot;:&quot;absolute&quot;}\" data-widget_type=\"button.default\">\n\t\t\t\t\t\t\t\t\t\t<a class=\"elementor-button elementor-button-link elementor-size-sm elementor-animation-shrink\" href=\"https:\/\/projects.cloud.digitalsignage.de\/magicinfo\/ds-channel-cloud-alternative-plus-on-premise\/\">\n\t\t\t\t\t\t<span class=\"elementor-button-content-wrapper\">\n\t\t\t\t\t\t<span class=\"elementor-button-icon\">\n\t\t\t\t<svg aria-hidden=\"true\" class=\"e-font-icon-svg e-fas-angle-right\" viewBox=\"0 0 256 512\" xmlns=\"http:\/\/www.w3.org\/2000\/svg\"><path d=\"M224.3 273l-136 136c-9.4 9.4-24.6 9.4-33.9 0l-22.6-22.6c-9.4-9.4-9.4-24.6 0-33.9l96.4-96.4-96.4-96.4c-9.4-9.4-9.4-24.6 0-33.9L54.3 103c9.4-9.4 24.6-9.4 33.9 0l136 136c9.5 9.4 9.5 24.6.1 34z\"><\/path><\/svg>\t\t\t<\/span>\n\t\t\t\t\t\t\t\t\t<span class=\"elementor-button-text\">Mehr erfahren<\/span>\n\t\t\t\t\t<\/span>\n\t\t\t\t\t<\/a>\n\t\t\t\t\t\t\t\t<\/div>\n\t\t\t\t\t<\/div>\n\t\t<\/div>\n\t\t\t\t<div class=\"elementor-column elementor-col-50 elementor-inner-column elementor-element elementor-element-3a67bcbd\" data-id=\"3a67bcbd\" data-element_type=\"column\" data-e-type=\"column\" data-settings=\"{&quot;background_background&quot;:&quot;classic&quot;}\">\n\t\t\t<div class=\"elementor-widget-wrap elementor-element-populated\">\n\t\t\t\t\t\t<div class=\"elementor-element elementor-element-1ee373d0 elementor-widget elementor-widget-heading\" data-id=\"1ee373d0\" data-element_type=\"widget\" data-e-type=\"widget\" data-widget_type=\"heading.default\">\n\t\t\t\t\t<h3 class=\"elementor-heading-title elementor-size-default\">Samsung Tizen &amp; fr\u00fchere MagicINFO Projekte \u2013 Weiterbetrieb mit DS Channel<\/h3>\t\t\t\t<\/div>\n\t\t\t\t<div class=\"elementor-element elementor-element-27984ca5 ds-button-nav elementor-align-right elementor-absolute elementor-widget elementor-widget-button\" data-id=\"27984ca5\" data-element_type=\"widget\" data-e-type=\"widget\" data-settings=\"{&quot;_position&quot;:&quot;absolute&quot;}\" data-widget_type=\"button.default\">\n\t\t\t\t\t\t\t\t\t\t<a class=\"elementor-button elementor-button-link elementor-size-sm elementor-animation-shrink\" href=\"https:\/\/projects.cloud.digitalsignage.de\/magicinfo\/samsung-tizen-fruehere-magicinfo-projekte-weiterbetrieb-mit-ds-channel\/\">\n\t\t\t\t\t\t<span class=\"elementor-button-content-wrapper\">\n\t\t\t\t\t\t<span class=\"elementor-button-icon\">\n\t\t\t\t<svg aria-hidden=\"true\" class=\"e-font-icon-svg e-fas-angle-right\" viewBox=\"0 0 256 512\" xmlns=\"http:\/\/www.w3.org\/2000\/svg\"><path d=\"M224.3 273l-136 136c-9.4 9.4-24.6 9.4-33.9 0l-22.6-22.6c-9.4-9.4-9.4-24.6 0-33.9l96.4-96.4-96.4-96.4c-9.4-9.4-9.4-24.6 0-33.9L54.3 103c9.4-9.4 24.6-9.4 33.9 0l136 136c9.5 9.4 9.5 24.6.1 34z\"><\/path><\/svg>\t\t\t<\/span>\n\t\t\t\t\t\t\t\t\t<span class=\"elementor-button-text\">Mehr erfahren<\/span>\n\t\t\t\t\t<\/span>\n\t\t\t\t\t<\/a>\n\t\t\t\t\t\t\t\t<\/div>\n\t\t\t\t\t<\/div>\n\t\t<\/div>\n\t\t\t\t\t<\/div>\n\t\t<\/section>\n\t\t\t\t<section class=\"elementor-section elementor-inner-section elementor-element elementor-element-563f60ec elementor-section-height-min-height elementor-section-boxed elementor-section-height-default\" data-id=\"563f60ec\" data-element_type=\"section\" data-e-type=\"section\">\n\t\t\t\t\t\t<div class=\"elementor-container elementor-column-gap-default\">\n\t\t\t\t\t<div class=\"elementor-column elementor-col-50 elementor-inner-column elementor-element elementor-element-1eab643f\" data-id=\"1eab643f\" data-element_type=\"column\" data-e-type=\"column\" data-settings=\"{&quot;background_background&quot;:&quot;classic&quot;}\">\n\t\t\t<div class=\"elementor-widget-wrap elementor-element-populated\">\n\t\t\t\t\t\t<div class=\"elementor-element elementor-element-23dbc5fd elementor-widget elementor-widget-heading\" data-id=\"23dbc5fd\" data-element_type=\"widget\" data-e-type=\"widget\" data-widget_type=\"heading.default\">\n\t\t\t\t\t<h3 class=\"elementor-heading-title elementor-size-default\">Prozess: Umstellung von vorhandenen MagicINFO Installationen auf DS Channel<\/h3>\t\t\t\t<\/div>\n\t\t\t\t<div class=\"elementor-element elementor-element-53a8c6a8 ds-button-nav elementor-align-right elementor-absolute elementor-widget elementor-widget-button\" data-id=\"53a8c6a8\" data-element_type=\"widget\" data-e-type=\"widget\" data-settings=\"{&quot;_position&quot;:&quot;absolute&quot;}\" data-widget_type=\"button.default\">\n\t\t\t\t\t\t\t\t\t\t<a class=\"elementor-button elementor-button-link elementor-size-sm elementor-animation-shrink\" href=\"https:\/\/projects.cloud.digitalsignage.de\/magicinfo\/prozess-umstellung-von-vorhandenen-magicinfo-installationen-auf-ds-channel\/\">\n\t\t\t\t\t\t<span class=\"elementor-button-content-wrapper\">\n\t\t\t\t\t\t<span class=\"elementor-button-icon\">\n\t\t\t\t<svg aria-hidden=\"true\" class=\"e-font-icon-svg e-fas-angle-right\" viewBox=\"0 0 256 512\" xmlns=\"http:\/\/www.w3.org\/2000\/svg\"><path d=\"M224.3 273l-136 136c-9.4 9.4-24.6 9.4-33.9 0l-22.6-22.6c-9.4-9.4-9.4-24.6 0-33.9l96.4-96.4-96.4-96.4c-9.4-9.4-9.4-24.6 0-33.9L54.3 103c9.4-9.4 24.6-9.4 33.9 0l136 136c9.5 9.4 9.5 24.6.1 34z\"><\/path><\/svg>\t\t\t<\/span>\n\t\t\t\t\t\t\t\t\t<span class=\"elementor-button-text\">Mehr erfahren<\/span>\n\t\t\t\t\t<\/span>\n\t\t\t\t\t<\/a>\n\t\t\t\t\t\t\t\t<\/div>\n\t\t\t\t\t<\/div>\n\t\t<\/div>\n\t\t\t\t<div class=\"elementor-column elementor-col-50 elementor-inner-column elementor-element elementor-element-62d33d4c\" data-id=\"62d33d4c\" data-element_type=\"column\" data-e-type=\"column\" data-settings=\"{&quot;background_background&quot;:&quot;classic&quot;}\">\n\t\t\t<div class=\"elementor-widget-wrap elementor-element-populated\">\n\t\t\t\t\t\t<div class=\"elementor-element elementor-element-25bd31f6 elementor-widget elementor-widget-heading\" data-id=\"25bd31f6\" data-element_type=\"widget\" data-e-type=\"widget\" data-widget_type=\"heading.default\">\n\t\t\t\t\t<h3 class=\"elementor-heading-title elementor-size-default\">FAQ \u2013 Alternative zu bestehenden MagicINFO Installationen: DS Channel<\/h3>\t\t\t\t<\/div>\n\t\t\t\t<div class=\"elementor-element elementor-element-70869d10 ds-button-nav elementor-align-right elementor-absolute elementor-widget elementor-widget-button\" data-id=\"70869d10\" data-element_type=\"widget\" data-e-type=\"widget\" data-settings=\"{&quot;_position&quot;:&quot;absolute&quot;}\" data-widget_type=\"button.default\">\n\t\t\t\t\t\t\t\t\t\t<a class=\"elementor-button elementor-button-link elementor-size-sm elementor-animation-shrink\" href=\"https:\/\/projects.cloud.digitalsignage.de\/magicinfo\/faq-alternative-zu-bestehenden-magicinfo-installationen-ds-channel\/\">\n\t\t\t\t\t\t<span class=\"elementor-button-content-wrapper\">\n\t\t\t\t\t\t<span class=\"elementor-button-icon\">\n\t\t\t\t<svg aria-hidden=\"true\" class=\"e-font-icon-svg e-fas-angle-right\" viewBox=\"0 0 256 512\" xmlns=\"http:\/\/www.w3.org\/2000\/svg\"><path d=\"M224.3 273l-136 136c-9.4 9.4-24.6 9.4-33.9 0l-22.6-22.6c-9.4-9.4-9.4-24.6 0-33.9l96.4-96.4-96.4-96.4c-9.4-9.4-9.4-24.6 0-33.9L54.3 103c9.4-9.4 24.6-9.4 33.9 0l136 136c9.5 9.4 9.5 24.6.1 34z\"><\/path><\/svg>\t\t\t<\/span>\n\t\t\t\t\t\t\t\t\t<span class=\"elementor-button-text\">Mehr erfahren<\/span>\n\t\t\t\t\t<\/span>\n\t\t\t\t\t<\/a>\n\t\t\t\t\t\t\t\t<\/div>\n\t\t\t\t\t<\/div>\n\t\t<\/div>\n\t\t\t\t\t<\/div>\n\t\t<\/section>\n\t\t\t\t\t<\/div>\n\t\t<\/div>\n\t\t\t\t\t<\/div>\n\t\t<\/section>\n\t\t\t\t<\/div>\n\t\t","protected":false},"excerpt":{"rendered":"<p>MagicINFO im Einsatz? DS Channel ist Ihre Cloud Alternative Viele Digital Signage Netzwerke wurden urspr\u00fcnglich mit Samsung MagicINFO aufgebaut und laufen auf professionellen Samsung Displays mit Tizen. Wenn die bisherige Plattform nicht mehr weitergef\u00fchrt werden soll, braucht es eine L\u00f6sung, die vorhandene Hardware weiter nutzt und Inhalte genauso zuverl\u00e4ssig steuert. DS Channel ist das Cloud [&hellip;]<\/p>\n","protected":false},"author":1,"featured_media":0,"parent":0,"menu_order":350,"comment_status":"closed","ping_status":"closed","template":"","meta":{"footnotes":""},"class_list":["post-22","page","type-page","status-publish","hentry"],"yoast_head":"<!-- This site is optimized with the Yoast SEO plugin v26.8 - https:\/\/yoast.com\/product\/yoast-seo-wordpress\/ -->\n<title>Impressum - DS Channel als Alternative f\u00fcr fr\u00fchere MagicINFO Projekte<\/title>\n<meta name=\"robots\" content=\"noindex, follow, max-snippet:-1, max-image-preview:large, max-video-preview:-1\" \/>\n<script type=\"application\/ld+json\" class=\"yoast-schema-graph\">{\"@context\":\"https:\/\/schema.org\",\"@graph\":[{\"@type\":\"WebPage\",\"@id\":\"https:\/\/projects.cloud.digitalsignage.de\/magicinfo\/impressum\/\",\"url\":\"https:\/\/projects.cloud.digitalsignage.de\/magicinfo\/impressum\/\",\"name\":\"Impressum - DS Channel als Alternative f\u00fcr fr\u00fchere MagicINFO Projekte\",\"isPartOf\":{\"@id\":\"https:\/\/projects.cloud.digitalsignage.de\/magicinfo\/#website\"},\"datePublished\":\"2026-01-08T14:02:18+00:00\",\"dateModified\":\"2026-01-31T22:31:19+00:00\",\"breadcrumb\":{\"@id\":\"https:\/\/projects.cloud.digitalsignage.de\/magicinfo\/impressum\/#breadcrumb\"},\"inLanguage\":\"de\",\"potentialAction\":[{\"@type\":\"ReadAction\",\"target\":[\"https:\/\/projects.cloud.digitalsignage.de\/magicinfo\/impressum\/\"]}]},{\"@type\":\"BreadcrumbList\",\"@id\":\"https:\/\/projects.cloud.digitalsignage.de\/magicinfo\/impressum\/#breadcrumb\",\"itemListElement\":[{\"@type\":\"ListItem\",\"position\":1,\"name\":\"Start\",\"item\":\"https:\/\/projects.cloud.digitalsignage.de\/magicinfo\/\"},{\"@type\":\"ListItem\",\"position\":2,\"name\":\"Impressum\"}]},{\"@type\":\"WebSite\",\"@id\":\"https:\/\/projects.cloud.digitalsignage.de\/magicinfo\/#website\",\"url\":\"https:\/\/projects.cloud.digitalsignage.de\/magicinfo\/\",\"name\":\"DS Channel als Alternative f\u00fcr fr\u00fchere MagicINFO Projekte\",\"description\":\"DS Channel als Alternative f\u00fcr fr\u00fchere MagicINFO Projekte\",\"publisher\":{\"@id\":\"https:\/\/projects.cloud.digitalsignage.de\/magicinfo\/#organization\"},\"potentialAction\":[{\"@type\":\"SearchAction\",\"target\":{\"@type\":\"EntryPoint\",\"urlTemplate\":\"https:\/\/projects.cloud.digitalsignage.de\/magicinfo\/?s={search_term_string}\"},\"query-input\":{\"@type\":\"PropertyValueSpecification\",\"valueRequired\":true,\"valueName\":\"search_term_string\"}}],\"inLanguage\":\"de\"},{\"@type\":\"Organization\",\"@id\":\"https:\/\/projects.cloud.digitalsignage.de\/magicinfo\/#organization\",\"name\":\"DS Channel als Alternative f\u00fcr fr\u00fchere MagicINFO Projekte\",\"url\":\"https:\/\/projects.cloud.digitalsignage.de\/magicinfo\/\",\"logo\":{\"@type\":\"ImageObject\",\"inLanguage\":\"de\",\"@id\":\"https:\/\/projects.cloud.digitalsignage.de\/magicinfo\/#\/schema\/logo\/image\/\",\"url\":\"https:\/\/projects.cloud.digitalsignage.de\/magicinfo\/wp-content\/uploads\/2026\/01\/digitalSIGNAGE-Logo-Web-Transparenz-auf-Anthrazit-scaled.png\",\"contentUrl\":\"https:\/\/projects.cloud.digitalsignage.de\/magicinfo\/wp-content\/uploads\/2026\/01\/digitalSIGNAGE-Logo-Web-Transparenz-auf-Anthrazit-scaled.png\",\"width\":2560,\"height\":2560,\"caption\":\"DS Channel als Alternative f\u00fcr fr\u00fchere MagicINFO Projekte\"},\"image\":{\"@id\":\"https:\/\/projects.cloud.digitalsignage.de\/magicinfo\/#\/schema\/logo\/image\/\"}}]}<\/script>\n<!-- \/ Yoast SEO plugin. -->","yoast_head_json":{"title":"Impressum - DS Channel als Alternative f\u00fcr fr\u00fchere MagicINFO Projekte","robots":{"index":"noindex","follow":"follow","max-snippet":"max-snippet:-1","max-image-preview":"max-image-preview:large","max-video-preview":"max-video-preview:-1"},"schema":{"@context":"https:\/\/schema.org","@graph":[{"@type":"WebPage","@id":"https:\/\/projects.cloud.digitalsignage.de\/magicinfo\/impressum\/","url":"https:\/\/projects.cloud.digitalsignage.de\/magicinfo\/impressum\/","name":"Impressum - DS Channel als Alternative f\u00fcr fr\u00fchere MagicINFO Projekte","isPartOf":{"@id":"https:\/\/projects.cloud.digitalsignage.de\/magicinfo\/#website"},"datePublished":"2026-01-08T14:02:18+00:00","dateModified":"2026-01-31T22:31:19+00:00","breadcrumb":{"@id":"https:\/\/projects.cloud.digitalsignage.de\/magicinfo\/impressum\/#breadcrumb"},"inLanguage":"de","potentialAction":[{"@type":"ReadAction","target":["https:\/\/projects.cloud.digitalsignage.de\/magicinfo\/impressum\/"]}]},{"@type":"BreadcrumbList","@id":"https:\/\/projects.cloud.digitalsignage.de\/magicinfo\/impressum\/#breadcrumb","itemListElement":[{"@type":"ListItem","position":1,"name":"Start","item":"https:\/\/projects.cloud.digitalsignage.de\/magicinfo\/"},{"@type":"ListItem","position":2,"name":"Impressum"}]},{"@type":"WebSite","@id":"https:\/\/projects.cloud.digitalsignage.de\/magicinfo\/#website","url":"https:\/\/projects.cloud.digitalsignage.de\/magicinfo\/","name":"DS Channel als Alternative f\u00fcr fr\u00fchere MagicINFO Projekte","description":"DS Channel als Alternative f\u00fcr fr\u00fchere MagicINFO Projekte","publisher":{"@id":"https:\/\/projects.cloud.digitalsignage.de\/magicinfo\/#organization"},"potentialAction":[{"@type":"SearchAction","target":{"@type":"EntryPoint","urlTemplate":"https:\/\/projects.cloud.digitalsignage.de\/magicinfo\/?s={search_term_string}"},"query-input":{"@type":"PropertyValueSpecification","valueRequired":true,"valueName":"search_term_string"}}],"inLanguage":"de"},{"@type":"Organization","@id":"https:\/\/projects.cloud.digitalsignage.de\/magicinfo\/#organization","name":"DS Channel als Alternative f\u00fcr fr\u00fchere MagicINFO Projekte","url":"https:\/\/projects.cloud.digitalsignage.de\/magicinfo\/","logo":{"@type":"ImageObject","inLanguage":"de","@id":"https:\/\/projects.cloud.digitalsignage.de\/magicinfo\/#\/schema\/logo\/image\/","url":"https:\/\/projects.cloud.digitalsignage.de\/magicinfo\/wp-content\/uploads\/2026\/01\/digitalSIGNAGE-Logo-Web-Transparenz-auf-Anthrazit-scaled.png","contentUrl":"https:\/\/projects.cloud.digitalsignage.de\/magicinfo\/wp-content\/uploads\/2026\/01\/digitalSIGNAGE-Logo-Web-Transparenz-auf-Anthrazit-scaled.png","width":2560,"height":2560,"caption":"DS Channel als Alternative f\u00fcr fr\u00fchere MagicINFO Projekte"},"image":{"@id":"https:\/\/projects.cloud.digitalsignage.de\/magicinfo\/#\/schema\/logo\/image\/"}}]}},"_links":{"self":[{"href":"https:\/\/projects.cloud.digitalsignage.de\/magicinfo\/wp-json\/wp\/v2\/pages\/22","targetHints":{"allow":["GET"]}}],"collection":[{"href":"https:\/\/projects.cloud.digitalsignage.de\/magicinfo\/wp-json\/wp\/v2\/pages"}],"about":[{"href":"https:\/\/projects.cloud.digitalsignage.de\/magicinfo\/wp-json\/wp\/v2\/types\/page"}],"author":[{"embeddable":true,"href":"https:\/\/projects.cloud.digitalsignage.de\/magicinfo\/wp-json\/wp\/v2\/users\/1"}],"replies":[{"embeddable":true,"href":"https:\/\/projects.cloud.digitalsignage.de\/magicinfo\/wp-json\/wp\/v2\/comments?post=22"}],"version-history":[{"count":31,"href":"https:\/\/projects.cloud.digitalsignage.de\/magicinfo\/wp-json\/wp\/v2\/pages\/22\/revisions"}],"predecessor-version":[{"id":897,"href":"https:\/\/projects.cloud.digitalsignage.de\/magicinfo\/wp-json\/wp\/v2\/pages\/22\/revisions\/897"}],"wp:attachment":[{"href":"https:\/\/projects.cloud.digitalsignage.de\/magicinfo\/wp-json\/wp\/v2\/media?parent=22"}],"curies":[{"name":"wp","href":"https:\/\/api.w.org\/{rel}","templated":true}]}}